{"id":2938,"date":"2024-01-11T16:57:31","date_gmt":"2024-01-11T15:57:31","guid":{"rendered":"http:\/\/www.iogaiyengarsitges.com.mialias.net\/financat-per-la-unio-europea-next-generation-eu\/"},"modified":"2024-05-07T13:46:11","modified_gmt":"2024-05-07T11:46:11","slug":"financiado-por-la-union-europea-next-generation-eu","status":"publish","type":"page","link":"https:\/\/iogaiyengarsitges.com\/es\/financiado-por-la-union-europea-next-generation-eu\/","title":{"rendered":"Financiado por la Uni\u00f3n Europea \u2013 Next Generation EU"},"content":{"rendered":"\t\t<div data-elementor-type=\"wp-post\" data-elementor-id=\"2938\" class=\"elementor elementor-2938 elementor-2114\">\n\t\t\t\t\t\t<section class=\"elementor-section elementor-top-section elementor-element elementor-element-a3c56f0 elementor-section-boxed elementor-section-height-default elementor-section-height-default\" data-id=\"a3c56f0\" data-element_type=\"section\">\n\t\t\t\t\t\t<div class=\"elementor-container elementor-column-gap-default\">\n\t\t\t\t\t<div class=\"elementor-column elementor-col-100 elementor-top-column elementor-element elementor-element-554c4c7\" data-id=\"554c4c7\" data-element_type=\"column\">\n\t\t\t<div class=\"elementor-widget-wrap elementor-element-populated\">\n\t\t\t\t\t\t<div class=\"elementor-element elementor-element-1a289ac animated-fast elementor-invisible elementor-widget elementor-widget-heading\" data-id=\"1a289ac\" data-element_type=\"widget\" data-settings=\"{&quot;_animation&quot;:&quot;fadeIn&quot;}\" data-widget_type=\"heading.default\">\n\t\t\t\t<div class=\"elementor-widget-container\">\n\t\t\t\t\t<h1 class=\"elementor-heading-title elementor-size-default\">Financiado por la Uni\u00f3n Europea \u2013 Next Generation EU<\/h1>\t\t\t\t<\/div>\n\t\t\t\t<\/div>\n\t\t\t\t\t<\/div>\n\t\t<\/div>\n\t\t\t\t\t<\/div>\n\t\t<\/section>\n\t\t<div class=\"elementor-element elementor-element-13af0a9 e-flex e-con-boxed e-con e-parent\" data-id=\"13af0a9\" data-element_type=\"container\">\n\t\t\t\t\t<div class=\"e-con-inner\">\n\t\t\t\t<div class=\"elementor-element elementor-element-e30c854 elementor-widget elementor-widget-text-editor\" data-id=\"e30c854\" data-element_type=\"widget\" data-widget_type=\"text-editor.default\">\n\t\t\t\t<div class=\"elementor-widget-container\">\n\t\t\t\t\t\t\t\t\t<p>\u00abFinan\u00e7at per la Uni\u00f3 Europea \u2013 Next Generation EU. Tot i aix\u00f2, els punts de vista i les opinions expressades s\u00f3n \u00fanicament els de l\u2019autor o autors i no reflecteixen necess\u00e0riament els de la Uni\u00f3 Europea o la Comissi\u00f3 Europea. Ni la Uni\u00f3 Europea ni la Comissi\u00f3 Europea poden ser considerades responsables de les mateixes\u00bb<\/p>\n\t\t\t\t\t\t\t\t<\/div>\n\t\t\t\t<\/div>\n\t\t\t\t\t<\/div>\n\t\t\t\t<\/div>\n\t\t<div class=\"elementor-element elementor-element-f3a4ce6 e-flex e-con-boxed e-con e-parent\" data-id=\"f3a4ce6\" data-element_type=\"container\">\n\t\t\t\t\t<div class=\"e-con-inner\">\n\t\t<div class=\"elementor-element elementor-element-ff8f185 e-con-full e-flex e-con e-child\" data-id=\"ff8f185\" data-element_type=\"container\">\n\t\t\t\t<div class=\"elementor-element elementor-element-a1a4a1d elementor-widget elementor-widget-image\" data-id=\"a1a4a1d\" data-element_type=\"widget\" data-widget_type=\"image.default\">\n\t\t\t\t<div class=\"elementor-widget-container\">\n\t\t\t\t\t\t\t\t\t\t\t\t\t\t\t<img decoding=\"async\" width=\"250\" height=\"141\" src=\"https:\/\/iogaiyengarsitges.com\/wp-content\/uploads\/2024\/05\/prtr_v-color.png\" class=\"attachment-medium size-medium wp-image-3256\" alt=\"\" \/>\t\t\t\t\t\t\t\t\t\t\t\t\t\t\t<\/div>\n\t\t\t\t<\/div>\n\t\t\t\t<\/div>\n\t\t<div class=\"elementor-element elementor-element-580462a e-con-full e-flex e-con e-child\" data-id=\"580462a\" data-element_type=\"container\">\n\t\t\t\t<div class=\"elementor-element elementor-element-c9508c4 elementor-widget elementor-widget-image\" data-id=\"c9508c4\" data-element_type=\"widget\" data-widget_type=\"image.default\">\n\t\t\t\t<div class=\"elementor-widget-container\">\n\t\t\t\t\t\t\t\t\t\t\t\t\t\t\t<img decoding=\"async\" width=\"250\" height=\"141\" src=\"https:\/\/iogaiyengarsitges.com\/wp-content\/uploads\/2024\/05\/ue_h_blau.png\" class=\"attachment-medium size-medium wp-image-3259\" alt=\"\" \/>\t\t\t\t\t\t\t\t\t\t\t\t\t\t\t<\/div>\n\t\t\t\t<\/div>\n\t\t\t\t<\/div>\n\t\t\t\t\t<\/div>\n\t\t\t\t<\/div>\n\t\t\t\t<\/div>\n\t\t","protected":false},"excerpt":{"rendered":"<p>Financiado por la Uni\u00f3n Europea \u2013 Next Generation EU \u00abFinan\u00e7at per la Uni\u00f3 Europea \u2013 Next Generation EU. Tot i aix\u00f2, els punts de vista i les opinions expressades s\u00f3n \u00fanicament els de l\u2019autor o autors i no reflecteixen necess\u00e0riament els de la Uni\u00f3 Europea o la Comissi\u00f3 Europea. Ni la Uni\u00f3 Europea ni la [&hellip;]<\/p>\n","protected":false},"author":2,"featured_media":0,"parent":0,"menu_order":0,"comment_status":"closed","ping_status":"closed","template":"","meta":{"site-sidebar-layout":"no-sidebar","site-content-layout":"page-builder","ast-site-content-layout":"full-width-container","site-content-style":"unboxed","site-sidebar-style":"unboxed","ast-global-header-display":"","ast-banner-title-visibility":"","ast-main-header-display":"","ast-hfb-above-header-display":"","ast-hfb-below-header-display":"","ast-hfb-mobile-header-display":"","site-post-title":"disabled","ast-breadcrumbs-content":"","ast-featured-img":"disabled","footer-sml-layout":"","theme-transparent-header-meta":"","adv-header-id-meta":"","stick-header-meta":"","header-above-stick-meta":"","header-main-stick-meta":"","header-below-stick-meta":"","astra-migrate-meta-layouts":"set","ast-page-background-enabled":"default","ast-page-background-meta":{"desktop":{"background-color":"","background-image":"","background-repeat":"repeat","background-position":"center center","background-size":"auto","background-attachment":"scroll","background-type":"","background-media":"","overlay-type":"","overlay-color":"","overlay-opacity":"","overlay-gradient":""},"tablet":{"background-color":"","background-image":"","background-repeat":"repeat","background-position":"center center","background-size":"auto","background-attachment":"scroll","background-type":"","background-media":"","overlay-type":"","overlay-color":"","overlay-opacity":"","overlay-gradient":""},"mobile":{"background-color":"","background-image":"","background-repeat":"repeat","background-position":"center center","background-size":"auto","background-attachment":"scroll","background-type":"","background-media":"","overlay-type":"","overlay-color":"","overlay-opacity":"","overlay-gradient":""}},"ast-content-background-meta":{"desktop":{"background-color":"var(--ast-global-color-5)","background-image":"","background-repeat":"repeat","background-position":"center center","background-size":"auto","background-attachment":"scroll","background-type":"","background-media":"","overlay-type":"","overlay-color":"","overlay-opacity":"","overlay-gradient":""},"tablet":{"background-color":"var(--ast-global-color-5)","background-image":"","background-repeat":"repeat","background-position":"center center","background-size":"auto","background-attachment":"scroll","background-type":"","background-media":"","overlay-type":"","overlay-color":"","overlay-opacity":"","overlay-gradient":""},"mobile":{"background-color":"var(--ast-global-color-5)","background-image":"","background-repeat":"repeat","background-position":"center center","background-size":"auto","background-attachment":"scroll","background-type":"","background-media":"","overlay-type":"","overlay-color":"","overlay-opacity":"","overlay-gradient":""}},"_joinchat":[],"footnotes":""},"class_list":["post-2938","page","type-page","status-publish","hentry"],"yoast_head":"<!-- This site is optimized with the Yoast SEO plugin v26.0 - https:\/\/yoast.com\/wordpress\/plugins\/seo\/ -->\n<title>Financiado por la Uni\u00f3n Europea \u2013 Next Generation EU - Ioga Iyengar Sitges<\/title>\n<meta name=\"robots\" content=\"index, follow, max-snippet:-1, max-image-preview:large, max-video-preview:-1\" \/>\n<link rel=\"canonical\" href=\"https:\/\/iogaiyengarsitges.com\/es\/financiado-por-la-union-europea-next-generation-eu\/\" \/>\n<meta property=\"og:locale\" content=\"es_ES\" \/>\n<meta property=\"og:type\" content=\"article\" \/>\n<meta property=\"og:title\" content=\"Financiado por la Uni\u00f3n Europea \u2013 Next Generation EU - Ioga Iyengar Sitges\" \/>\n<meta property=\"og:description\" content=\"Financiado por la Uni\u00f3n Europea \u2013 Next Generation EU \u00abFinan\u00e7at per la Uni\u00f3 Europea \u2013 Next Generation EU. Tot i aix\u00f2, els punts de vista i les opinions expressades s\u00f3n \u00fanicament els de l\u2019autor o autors i no reflecteixen necess\u00e0riament els de la Uni\u00f3 Europea o la Comissi\u00f3 Europea. Ni la Uni\u00f3 Europea ni la [&hellip;]\" \/>\n<meta property=\"og:url\" content=\"https:\/\/iogaiyengarsitges.com\/es\/financiado-por-la-union-europea-next-generation-eu\/\" \/>\n<meta property=\"og:site_name\" content=\"Ioga Iyengar Sitges\" \/>\n<meta property=\"article:modified_time\" content=\"2024-05-07T11:46:11+00:00\" \/>\n<meta property=\"og:image\" content=\"https:\/\/iogaiyengarsitges.com\/wp-content\/uploads\/2024\/05\/prtr_v-color.png\" \/>\n<meta name=\"twitter:card\" content=\"summary_large_image\" \/>\n<meta name=\"twitter:label1\" content=\"Tiempo de lectura\" \/>\n\t<meta name=\"twitter:data1\" content=\"1 minuto\" \/>\n<script type=\"application\/ld+json\" class=\"yoast-schema-graph\">{\"@context\":\"https:\/\/schema.org\",\"@graph\":[{\"@type\":\"WebPage\",\"@id\":\"https:\/\/iogaiyengarsitges.com\/es\/financiado-por-la-union-europea-next-generation-eu\/\",\"url\":\"https:\/\/iogaiyengarsitges.com\/es\/financiado-por-la-union-europea-next-generation-eu\/\",\"name\":\"Financiado por la Uni\u00f3n Europea \u2013 Next Generation EU - Ioga Iyengar Sitges\",\"isPartOf\":{\"@id\":\"https:\/\/iogaiyengarsitges.com\/es\/#website\"},\"primaryImageOfPage\":{\"@id\":\"https:\/\/iogaiyengarsitges.com\/es\/financiado-por-la-union-europea-next-generation-eu\/#primaryimage\"},\"image\":{\"@id\":\"https:\/\/iogaiyengarsitges.com\/es\/financiado-por-la-union-europea-next-generation-eu\/#primaryimage\"},\"thumbnailUrl\":\"https:\/\/iogaiyengarsitges.com\/wp-content\/uploads\/2024\/05\/prtr_v-color.png\",\"datePublished\":\"2024-01-11T15:57:31+00:00\",\"dateModified\":\"2024-05-07T11:46:11+00:00\",\"breadcrumb\":{\"@id\":\"https:\/\/iogaiyengarsitges.com\/es\/financiado-por-la-union-europea-next-generation-eu\/#breadcrumb\"},\"inLanguage\":\"es\",\"potentialAction\":[{\"@type\":\"ReadAction\",\"target\":[\"https:\/\/iogaiyengarsitges.com\/es\/financiado-por-la-union-europea-next-generation-eu\/\"]}]},{\"@type\":\"ImageObject\",\"inLanguage\":\"es\",\"@id\":\"https:\/\/iogaiyengarsitges.com\/es\/financiado-por-la-union-europea-next-generation-eu\/#primaryimage\",\"url\":\"https:\/\/iogaiyengarsitges.com\/wp-content\/uploads\/2024\/05\/prtr_v-color.png\",\"contentUrl\":\"https:\/\/iogaiyengarsitges.com\/wp-content\/uploads\/2024\/05\/prtr_v-color.png\"},{\"@type\":\"BreadcrumbList\",\"@id\":\"https:\/\/iogaiyengarsitges.com\/es\/financiado-por-la-union-europea-next-generation-eu\/#breadcrumb\",\"itemListElement\":[{\"@type\":\"ListItem\",\"position\":1,\"name\":\"Inici\",\"item\":\"https:\/\/iogaiyengarsitges.com\/es\/\"},{\"@type\":\"ListItem\",\"position\":2,\"name\":\"Financiado por la Uni\u00f3n Europea \u2013 Next Generation EU\"}]},{\"@type\":\"WebSite\",\"@id\":\"https:\/\/iogaiyengarsitges.com\/es\/#website\",\"url\":\"https:\/\/iogaiyengarsitges.com\/es\/\",\"name\":\"Ioga Iyengar Sitges\",\"description\":\"Centro Oficial de Yoga IYENGAR&lt;sup&gt;\u00ae&lt;\/sup&gt; Sitges - Centre\",\"publisher\":{\"@id\":\"https:\/\/iogaiyengarsitges.com\/es\/#organization\"},\"potentialAction\":[{\"@type\":\"SearchAction\",\"target\":{\"@type\":\"EntryPoint\",\"urlTemplate\":\"https:\/\/iogaiyengarsitges.com\/es\/?s={search_term_string}\"},\"query-input\":{\"@type\":\"PropertyValueSpecification\",\"valueRequired\":true,\"valueName\":\"search_term_string\"}}],\"inLanguage\":\"es\"},{\"@type\":\"Organization\",\"@id\":\"https:\/\/iogaiyengarsitges.com\/es\/#organization\",\"name\":\"Ioga Iyengar Sitges\",\"url\":\"https:\/\/iogaiyengarsitges.com\/es\/\",\"logo\":{\"@type\":\"ImageObject\",\"inLanguage\":\"es\",\"@id\":\"https:\/\/iogaiyengarsitges.com\/es\/#\/schema\/logo\/image\/\",\"url\":\"https:\/\/iogaiyengarsitges.com\/wp-content\/uploads\/2024\/01\/logo_ioga-iyengar-sitges_tr6.png\",\"contentUrl\":\"https:\/\/iogaiyengarsitges.com\/wp-content\/uploads\/2024\/01\/logo_ioga-iyengar-sitges_tr6.png\",\"width\":790,\"height\":320,\"caption\":\"Ioga Iyengar Sitges\"},\"image\":{\"@id\":\"https:\/\/iogaiyengarsitges.com\/es\/#\/schema\/logo\/image\/\"}}]}<\/script>\n<!-- \/ Yoast SEO plugin. -->","yoast_head_json":{"title":"Financiado por la Uni\u00f3n Europea \u2013 Next Generation EU - Ioga Iyengar Sitges","robots":{"index":"index","follow":"follow","max-snippet":"max-snippet:-1","max-image-preview":"max-image-preview:large","max-video-preview":"max-video-preview:-1"},"canonical":"https:\/\/iogaiyengarsitges.com\/es\/financiado-por-la-union-europea-next-generation-eu\/","og_locale":"es_ES","og_type":"article","og_title":"Financiado por la Uni\u00f3n Europea \u2013 Next Generation EU - Ioga Iyengar Sitges","og_description":"Financiado por la Uni\u00f3n Europea \u2013 Next Generation EU \u00abFinan\u00e7at per la Uni\u00f3 Europea \u2013 Next Generation EU. Tot i aix\u00f2, els punts de vista i les opinions expressades s\u00f3n \u00fanicament els de l\u2019autor o autors i no reflecteixen necess\u00e0riament els de la Uni\u00f3 Europea o la Comissi\u00f3 Europea. Ni la Uni\u00f3 Europea ni la [&hellip;]","og_url":"https:\/\/iogaiyengarsitges.com\/es\/financiado-por-la-union-europea-next-generation-eu\/","og_site_name":"Ioga Iyengar Sitges","article_modified_time":"2024-05-07T11:46:11+00:00","og_image":[{"url":"https:\/\/iogaiyengarsitges.com\/wp-content\/uploads\/2024\/05\/prtr_v-color.png","type":"","width":"","height":""}],"twitter_card":"summary_large_image","twitter_misc":{"Tiempo de lectura":"1 minuto"},"schema":{"@context":"https:\/\/schema.org","@graph":[{"@type":"WebPage","@id":"https:\/\/iogaiyengarsitges.com\/es\/financiado-por-la-union-europea-next-generation-eu\/","url":"https:\/\/iogaiyengarsitges.com\/es\/financiado-por-la-union-europea-next-generation-eu\/","name":"Financiado por la Uni\u00f3n Europea \u2013 Next Generation EU - Ioga Iyengar Sitges","isPartOf":{"@id":"https:\/\/iogaiyengarsitges.com\/es\/#website"},"primaryImageOfPage":{"@id":"https:\/\/iogaiyengarsitges.com\/es\/financiado-por-la-union-europea-next-generation-eu\/#primaryimage"},"image":{"@id":"https:\/\/iogaiyengarsitges.com\/es\/financiado-por-la-union-europea-next-generation-eu\/#primaryimage"},"thumbnailUrl":"https:\/\/iogaiyengarsitges.com\/wp-content\/uploads\/2024\/05\/prtr_v-color.png","datePublished":"2024-01-11T15:57:31+00:00","dateModified":"2024-05-07T11:46:11+00:00","breadcrumb":{"@id":"https:\/\/iogaiyengarsitges.com\/es\/financiado-por-la-union-europea-next-generation-eu\/#breadcrumb"},"inLanguage":"es","potentialAction":[{"@type":"ReadAction","target":["https:\/\/iogaiyengarsitges.com\/es\/financiado-por-la-union-europea-next-generation-eu\/"]}]},{"@type":"ImageObject","inLanguage":"es","@id":"https:\/\/iogaiyengarsitges.com\/es\/financiado-por-la-union-europea-next-generation-eu\/#primaryimage","url":"https:\/\/iogaiyengarsitges.com\/wp-content\/uploads\/2024\/05\/prtr_v-color.png","contentUrl":"https:\/\/iogaiyengarsitges.com\/wp-content\/uploads\/2024\/05\/prtr_v-color.png"},{"@type":"BreadcrumbList","@id":"https:\/\/iogaiyengarsitges.com\/es\/financiado-por-la-union-europea-next-generation-eu\/#breadcrumb","itemListElement":[{"@type":"ListItem","position":1,"name":"Inici","item":"https:\/\/iogaiyengarsitges.com\/es\/"},{"@type":"ListItem","position":2,"name":"Financiado por la Uni\u00f3n Europea \u2013 Next Generation EU"}]},{"@type":"WebSite","@id":"https:\/\/iogaiyengarsitges.com\/es\/#website","url":"https:\/\/iogaiyengarsitges.com\/es\/","name":"Ioga Iyengar Sitges","description":"Centro Oficial de Yoga IYENGAR&lt;sup&gt;\u00ae&lt;\/sup&gt; Sitges - Centre","publisher":{"@id":"https:\/\/iogaiyengarsitges.com\/es\/#organization"},"potentialAction":[{"@type":"SearchAction","target":{"@type":"EntryPoint","urlTemplate":"https:\/\/iogaiyengarsitges.com\/es\/?s={search_term_string}"},"query-input":{"@type":"PropertyValueSpecification","valueRequired":true,"valueName":"search_term_string"}}],"inLanguage":"es"},{"@type":"Organization","@id":"https:\/\/iogaiyengarsitges.com\/es\/#organization","name":"Ioga Iyengar Sitges","url":"https:\/\/iogaiyengarsitges.com\/es\/","logo":{"@type":"ImageObject","inLanguage":"es","@id":"https:\/\/iogaiyengarsitges.com\/es\/#\/schema\/logo\/image\/","url":"https:\/\/iogaiyengarsitges.com\/wp-content\/uploads\/2024\/01\/logo_ioga-iyengar-sitges_tr6.png","contentUrl":"https:\/\/iogaiyengarsitges.com\/wp-content\/uploads\/2024\/01\/logo_ioga-iyengar-sitges_tr6.png","width":790,"height":320,"caption":"Ioga Iyengar Sitges"},"image":{"@id":"https:\/\/iogaiyengarsitges.com\/es\/#\/schema\/logo\/image\/"}}]}},"_links":{"self":[{"href":"https:\/\/iogaiyengarsitges.com\/es\/wp-json\/wp\/v2\/pages\/2938","targetHints":{"allow":["GET"]}}],"collection":[{"href":"https:\/\/iogaiyengarsitges.com\/es\/wp-json\/wp\/v2\/pages"}],"about":[{"href":"https:\/\/iogaiyengarsitges.com\/es\/wp-json\/wp\/v2\/types\/page"}],"author":[{"embeddable":true,"href":"https:\/\/iogaiyengarsitges.com\/es\/wp-json\/wp\/v2\/users\/2"}],"replies":[{"embeddable":true,"href":"https:\/\/iogaiyengarsitges.com\/es\/wp-json\/wp\/v2\/comments?post=2938"}],"version-history":[{"count":4,"href":"https:\/\/iogaiyengarsitges.com\/es\/wp-json\/wp\/v2\/pages\/2938\/revisions"}],"predecessor-version":[{"id":3268,"href":"https:\/\/iogaiyengarsitges.com\/es\/wp-json\/wp\/v2\/pages\/2938\/revisions\/3268"}],"wp:attachment":[{"href":"https:\/\/iogaiyengarsitges.com\/es\/wp-json\/wp\/v2\/media?parent=2938"}],"curies":[{"name":"wp","href":"https:\/\/api.w.org\/{rel}","templated":true}]}}